{"id":12619,"date":"2021-12-03T14:21:57","date_gmt":"2021-12-03T13:21:57","guid":{"rendered":"https:\/\/leonardodavinci.it\/privacy-policy\/"},"modified":"2022-05-20T15:04:35","modified_gmt":"2022-05-20T13:04:35","slug":"privacy-policy","status":"publish","type":"page","link":"https:\/\/leonardodavinci.it\/de\/privacy-policy\/","title":{"rendered":"Privacy Policy Leonardo da Vinci"},"content":{"rendered":"\t\t<div data-elementor-type=\"wp-page\" data-elementor-id=\"12619\" class=\"elementor elementor-12619 elementor-3\" data-elementor-post-type=\"page\">\n\t\t\t\t\t\t<section class=\"elementor-section elementor-top-section elementor-element elementor-element-5c492f10 elementor-section-boxed elementor-section-height-default elementor-section-height-default\" data-id=\"5c492f10\" data-element_type=\"section\">\n\t\t\t\t\t\t<div class=\"elementor-container elementor-column-gap-default\">\n\t\t\t\t\t<div class=\"elementor-column elementor-col-100 elementor-top-column elementor-element elementor-element-6b182e76\" data-id=\"6b182e76\" data-element_type=\"column\">\n\t\t\t<div class=\"elementor-widget-wrap elementor-element-populated\">\n\t\t\t\t\t\t<div class=\"elementor-element elementor-element-6b58fd14 elementor-widget elementor-widget-text-editor\" data-id=\"6b58fd14\" data-element_type=\"widget\" data-widget_type=\"text-editor.default\">\n\t\t\t\t<div class=\"elementor-widget-container\">\n\t\t\t<style>\/*! elementor - v3.21.0 - 08-05-2024 *\/\n.elementor-widget-text-editor.elementor-drop-cap-view-stacked .elementor-drop-cap{background-color:#69727d;color:#fff}.elementor-widget-text-editor.elementor-drop-cap-view-framed .elementor-drop-cap{color:#69727d;border:3px solid;background-color:transparent}.elementor-widget-text-editor:not(.elementor-drop-cap-view-default) .elementor-drop-cap{margin-top:8px}.elementor-widget-text-editor:not(.elementor-drop-cap-view-default) .elementor-drop-cap-letter{width:1em;height:1em}.elementor-widget-text-editor .elementor-drop-cap{float:left;text-align:center;line-height:1;font-size:50px}.elementor-widget-text-editor .elementor-drop-cap-letter{display:inline-block}<\/style>\t\t\t\t<h3>RECHTLICHE HINWEISE<\/h3>\n<p><strong>Copyright<\/strong><br \/>\nAlle auf dieser Website vorhandenen Texte sowie die Grafik, die Bilder und die Software sind nach den Richtlinien \u00fcber das Urheberrecht, das Patentrecht und das Recht am geistigen Eigentum gesch\u00fctzt. Daher ist es ausdr\u00fccklich verboten, auf der Website vorhandene Daten und Informationen zu benutzen, ohne \u201ecopyright Leonardo da Vinci S.p.A.\u201c zu erw\u00e4hnen und auf der Website vorhandene fotografische Abbildungen zu benutzen, ohne \u201eArchivio Foto \u2013 Leonardo da Vinci S.p.A.\u201c zu erw\u00e4hnen.<\/p>\n<p>Journalisten ist es erlaubt, die Informationen und fotografischen Abbildungen f\u00fcr ausschlie\u00dflich redaktionelle Zwecke zu verwenden. Weitere Verwendungszwecke sind verboten. Folglich darf das genannte Material weder ganz noch teilweise zu Gewinnzwecken oder um irgendwelchen Nutzen daraus zu ziehen kopiert, ver\u00e4ndert oder weiterverkauft werden. Jede Verletzung dieser Richtlinie berechtigt den Inhaber der Website dazu, an den zust\u00e4ndigen Stellen f\u00fcr den Schutz seiner Rechte einzutreten.<\/p>\n<p><strong>Nutzung der Website<\/strong><br \/>\nLeonardo da Vinci S.p.A. kann auf keinen Fall f\u00fcr Sch\u00e4den beliebiger Art haftbar gemacht werden, die direkt oder indirekt durch den Zugang zur Website oder die Nutzung der darin enthaltenen Informationen entstehen. Leonardo da Vinci S.p.A. beh\u00e4lt sich das Recht vor, die Inhalte der Website und der rechtlichen Hinweise jederzeit und ohne Vorank\u00fcndigung zu \u00e4ndern.<\/p>\n<p><strong>Hinweise auf Fehler<\/strong><br \/>\nHauptziel dieser Dienstleistung ist es, eine rasche und pr\u00e4zise Information zu liefern: Die Nutzer sind daher dazu aufgefordert, allf\u00e4llige Fehler an folgende Adresse weiterzuleiten: info@leonardodavinci.it.<\/p>\n<p>Leonardo da Vinci S.p.A. wird daf\u00fcr sorgen, die Fehler so rasch wie m\u00f6glich zu korrigieren.<\/p>\n<p><strong>Zugang zu externen verlinkten Seiten<\/strong><br \/>\nLeonardo da Vinci S.p.A. ist nicht verantwortlich f\u00fcr Websites, die \u00fcber die Links auf dieser Website erreicht werden k\u00f6nnen.<\/p>\n<p>F\u00fcr die Vollst\u00e4ndigkeit und die Genauigkeit der Informationen, die der Nutzer \u00fcber den Zugang zu den mit www.leonardodavinci.it verlinkten Websites erh\u00e4lt, sind die Inhaber der Websites, zu denen man Zugang erh\u00e4lt, verantwortlich, und zwar zu den von letzteren festgelegten Bedingungen.<\/p>\n<p><strong>Download<\/strong><br \/>\nJeder auf dieser Website zum Herunterladen vorhandene Inhalt ist, wo nicht anders angegeben, frei und kostenlos zu den vom Inhaber festgelegten Bedingungen verf\u00fcgbar.<\/p>\n<h3>PRIVACY POLICY (DATENSCHUTZBESTIMMUNGEN)<br \/>\nInformationen \u00fcber die Verarbeitung personenbezogener Daten (ART.13 EU-Verordnung 2016\/679)<\/h3>\n<p>Gem\u00e4\u00df Artikel 13 der Verordnung (EU) Nr. 679\/2016 (im Folgenden \u201eDSGVO\u201c genannt) informieren wir Sie hiermit \u00fcber die Methoden und Zwecke der Verarbeitung Ihrer personenbezogenen Daten und die damit verbundenen Schutzma\u00dfnahmen f\u00fcr deren Vertraulichkeit und Sicherheit.<\/p>\n<p><strong>1. VERANTWORTLICHER DER DATENVERARBEITUNG<\/strong><br \/>\nVerantwortlicher der Datenverarbeitung ist LEONARDO DA VINCI S.P.A. mit Rechtssitz in Vinci (FI) in Via del Torrino 19\u00a0 \u2013 E-mail: info@leonardodavinci.it (im Folgenden \u201eGesellschaft\u201c).<\/p>\n<p><strong>2. ZWECK UND RECHTSGRUNDLAGE DER DATENVERARBEITUNG<\/strong><br \/>\nDie personenbezogenen Daten werden zu folgenden Zwecken verarbeitet:<br \/>\n\u2013vorvertragliche Verhandlungen;<br \/>\n\u2013Erf\u00fcllung des Vertrags\/der Bestellung infolge der mit Ihnen bestehenden Gesch\u00e4ftsbeziehung;<br \/>\n\u2013Erf\u00fcllung von Verpflichtungen, die sich aus Gesetzen, Verordnungen, Gemeinschaftsvorschriften oder einer Anordnung der Beh\u00f6rde ergeben;<br \/>\n\u2013Erf\u00fcllung der steuerlichen, administrativen und buchhalterischen Verpflichtungen;<br \/>\n\u2013Aus\u00fcbung des Verteidigungsrechts der Gesellschaft.<\/p>\n<p><strong>3. AUFBEWAHRUNGSFRIST DER DATEN<\/strong><br \/>\nDer Verantwortliche der Datenverarbeitung bewahrt die personenbezogenen Daten w\u00e4hrend der Dauer der Vertragsbeziehung auf, oder solange, wie es n\u00f6tig ist, um die oben genannten Zwecke zu erf\u00fcllen. Nach Ablauf dieser Frist werden die Daten gel\u00f6scht oder in anonyme Form verwandelt.<\/p>\n<p><strong>4. ART DER DATENVERARBEITUNG<\/strong><br \/>\nDie personenbezogenen Daten werden von Angestellten und Mitarbeitern der Gesellschaft oder der Tochtergesellschaften\/verbundenen Gesellschaften, die zur Datenverarbeitung berechtigt wurden, ausschlie\u00dflich zu den oben genannten Zwecken und unter Einhaltung der geltenden Gesetzgebung verarbeitet, und zwar mit manuellen, informatischen und telematischen Mitteln. Die Gesellschaft h\u00e4lt spezielle Sicherheitsvorkehrungen ein, um dem Verlust von Daten, der unrechtm\u00e4\u00dfigen Verwendung und dem unberechtigten Zugriff vorzubeugen.<\/p>\n<p><strong>5. EMPF\u00c4NGER-KATEGORIEN<\/strong><br \/>\nIhre personenbezogenen Daten k\u00f6nnen aufgrund rechtlicher Pflichten oder aus exklusiven zweckgebundenen Gr\u00fcnden im Rahmen der Vertragserf\u00fcllung folgenden Dritten mitgeteilt werden: a) Bank- oder Versicherungsinstituten, die den oben genannten Zwecken dienende Leistungen erf\u00fcllen; b) Beratern, Steuerberatern und anderen Berufspersonen, die den oben genannten Zwecken dienende Dienstleistungen erbringen; c) Personen, die als externe Auftragsverarbeiter Outsourcing-T\u00e4tigkeiten f\u00fcr die Gesellschaft aus\u00fcben; Leonardo da Vinci S.p.A. Via del Torrino, 19 \u2013 50059 VINCI (FI) \u2013 Italien Tel: +39 0571\/902444 und Fax: +39 0571\/509960 Gesellschaftskapital Eur 2.100.000,00 v.e. UST.ID-NR: 05225420487 E-mail: info@leonardodavinci.it\u2013 leonardodavinci.spa@legalmail.it\u2013 www.leonardodavinci.it\u00a0 Gesellschaft unter der Verwaltung und Koordination von CAVIRO Soc. Coop. Agricola \u2013 Faenza (RA) d) mit der Wartung der IT-Systeme Beauftragte und\/oder Systemverwalter; e) Rechts- oder Verwaltungsbeh\u00f6rden zur Erf\u00fcllung der Rechtspflichten.<\/p>\n<p><strong>6. RECHTE DER BETROFFENEN PERSON<\/strong><br \/>\nAls betroffene Person haben Sie das Recht, vom Verantwortlichen der Datenverarbeitung:<br \/>\na) Zugang zu den personenbezogenen Daten zu verlangen;<br \/>\nb) die Aktualisierung oder, sofern Sie daran interessiert sind, die Erg\u00e4nzung und\/oder Berichtigung ungenauer Daten zu verlangen;<br \/>\nc) die Umwandlung in anonyme Form oder die Sperrung gesetzeswidrig verarbeiteter Daten zu verlangen;<br \/>\nd) die Best\u00e4tigung zu erhalten, dass die Personen, denen die Daten mitgeteilt wurden, \u00fcber die unter b) und c) genannten Operationen informiert wurden;<br \/>\ne) zu verlangen, dass die Verarbeitung Ihrer personenbezogenen Daten begrenzt wird. In den gegebenen F\u00e4llen k\u00f6nnen Sie sich der Verarbeitung auch widersetzen;<br \/>\nf) zu verlangen, vom Recht Gebrauch zu machen, die Daten auf einen anderen Verantwortlichen der Datenverarbeitung zu \u00fcbertragen.<br \/>\nWir weisen darauf hin, dass Sie auch das Recht haben, eine Beschwerde bei der Aufsichtsbeh\u00f6rde einzureichen.<br \/>\nDie Antr\u00e4ge auf die Aus\u00fcbung der Rechte zugunsten der betroffenen Person k\u00f6nnen an den Verantwortlichen der Datenverarbeitung gerichtet werden.<\/p>\n\t\t\t\t\t\t<\/div>\n\t\t\t\t<\/div>\n\t\t\t\t\t<\/div>\n\t\t<\/div>\n\t\t\t\t\t<\/div>\n\t\t<\/section>\n\t\t\t\t<\/div>\n\t\t","protected":false},"excerpt":{"rendered":"<p>Privacy Policy Leonardo da Vinci RECHTLICHE HINWEISE Copyright Alle auf dieser Website vorhandenen Texte sowie die Grafik, die Bilder und die Software sind nach den Richtlinien \u00fcber das Urheberrecht, das Patentrecht und das Recht am geistigen Eigentum gesch\u00fctzt. Daher ist es ausdr\u00fccklich verboten, auf der Website vorhandene Daten und Informationen zu benutzen, ohne \u201ecopyright Leonardo [&hellip;]<\/p>\n","protected":false},"author":1,"featured_media":0,"parent":0,"menu_order":0,"comment_status":"closed","ping_status":"closed","template":"","meta":{"_acf_changed":false,"_sitemap_exclude":false,"_sitemap_priority":"","_sitemap_frequency":"","site-sidebar-layout":"default","site-content-layout":"","ast-site-content-layout":"","site-content-style":"default","site-sidebar-style":"default","ast-global-header-display":"","ast-banner-title-visibility":"","ast-main-header-display":"","ast-hfb-above-header-display":"","ast-hfb-below-header-display":"","ast-hfb-mobile-header-display":"","site-post-title":"","ast-breadcrumbs-content":"","ast-featured-img":"","footer-sml-layout":"","theme-transparent-header-meta":"","adv-header-id-meta":"","stick-header-meta":"","header-above-stick-meta":"","header-main-stick-meta":"","header-below-stick-meta":"","astra-migrate-meta-layouts":"default","ast-page-background-enabled":"default","ast-page-background-meta":{"desktop":{"background-color":"","background-image":"","background-repeat":"repeat","background-position":"center center","background-size":"auto","background-attachment":"scroll","background-type":"","background-media":"","overlay-type":"","overlay-color":"","overlay-gradient":""},"tablet":{"background-color":"","background-image":"","background-repeat":"repeat","background-position":"center center","background-size":"auto","background-attachment":"scroll","background-type":"","background-media":"","overlay-type":"","overlay-color":"","overlay-gradient":""},"mobile":{"background-color":"","background-image":"","background-repeat":"repeat","background-position":"center center","background-size":"auto","background-attachment":"scroll","background-type":"","background-media":"","overlay-type":"","overlay-color":"","overlay-gradient":""}},"ast-content-background-meta":{"desktop":{"background-color":"var(--ast-global-color-5)","background-image":"","background-repeat":"repeat","background-position":"center center","background-size":"auto","background-attachment":"scroll","background-type":"","background-media":"","overlay-type":"","overlay-color":"","overlay-gradient":""},"tablet":{"background-color":"var(--ast-global-color-5)","background-image":"","background-repeat":"repeat","background-position":"center center","background-size":"auto","background-attachment":"scroll","background-type":"","background-media":"","overlay-type":"","overlay-color":"","overlay-gradient":""},"mobile":{"background-color":"var(--ast-global-color-5)","background-image":"","background-repeat":"repeat","background-position":"center center","background-size":"auto","background-attachment":"scroll","background-type":"","background-media":"","overlay-type":"","overlay-color":"","overlay-gradient":""}},"footnotes":""},"class_list":["post-12619","page","type-page","status-publish","hentry"],"acf":[],"yoast_head":"<!-- This site is optimized with the Yoast SEO plugin v27.3 - https:\/\/yoast.com\/product\/yoast-seo-wordpress\/ -->\n<title>Privacy policy: Datenschutz | Leonardo Da Vinci<\/title>\n<meta name=\"description\" content=\"Erfahren Sie mehr \u00fcber die Datenschutzbestimmungen f\u00fcr Nutzer und lesen Sie die rechtlichen Hinweise auf der Leonardo da Vinci Website.\" \/>\n<meta name=\"robots\" content=\"index, follow, max-snippet:-1, max-image-preview:large, max-video-preview:-1\" \/>\n<link rel=\"canonical\" href=\"https:\/\/leonardodavinci.it\/de\/privacy-policy\/\" \/>\n<meta property=\"og:locale\" content=\"de_DE\" \/>\n<meta property=\"og:type\" content=\"article\" \/>\n<meta property=\"og:title\" content=\"Privacy policy: Datenschutz | Leonardo Da Vinci\" \/>\n<meta property=\"og:description\" content=\"Erfahren Sie mehr \u00fcber die Datenschutzbestimmungen f\u00fcr Nutzer und lesen Sie die rechtlichen Hinweise auf der Leonardo da Vinci Website.\" \/>\n<meta property=\"og:url\" content=\"https:\/\/leonardodavinci.it\/de\/privacy-policy\/\" \/>\n<meta property=\"og:site_name\" content=\"Leonardo Da Vinci\" \/>\n<meta property=\"article:publisher\" content=\"https:\/\/www.facebook.com\/LeonardodaVinciwines\" \/>\n<meta property=\"article:modified_time\" content=\"2022-05-20T13:04:35+00:00\" \/>\n<meta property=\"og:image\" content=\"https:\/\/leonardodavinci.it\/wp-content\/uploads\/2021\/12\/leonardo_social.jpg\" \/>\n\t<meta property=\"og:image:width\" content=\"1377\" \/>\n\t<meta property=\"og:image:height\" content=\"768\" \/>\n\t<meta property=\"og:image:type\" content=\"image\/jpeg\" \/>\n<meta name=\"twitter:card\" content=\"summary_large_image\" \/>\n<meta name=\"twitter:label1\" content=\"Gesch\u00e4tzte Lesezeit\" \/>\n\t<meta name=\"twitter:data1\" content=\"5\u00a0Minuten\" \/>\n<script type=\"application\/ld+json\" class=\"yoast-schema-graph\">{\"@context\":\"https:\\\/\\\/schema.org\",\"@graph\":[{\"@type\":\"WebPage\",\"@id\":\"https:\\\/\\\/leonardodavinci.it\\\/de\\\/privacy-policy\\\/\",\"url\":\"https:\\\/\\\/leonardodavinci.it\\\/de\\\/privacy-policy\\\/\",\"name\":\"Privacy policy: Datenschutz | Leonardo Da Vinci\",\"isPartOf\":{\"@id\":\"https:\\\/\\\/leonardodavinci.it\\\/de\\\/#website\"},\"datePublished\":\"2021-12-03T13:21:57+00:00\",\"dateModified\":\"2022-05-20T13:04:35+00:00\",\"description\":\"Erfahren Sie mehr \u00fcber die Datenschutzbestimmungen f\u00fcr Nutzer und lesen Sie die rechtlichen Hinweise auf der Leonardo da Vinci Website.\",\"breadcrumb\":{\"@id\":\"https:\\\/\\\/leonardodavinci.it\\\/de\\\/privacy-policy\\\/#breadcrumb\"},\"inLanguage\":\"de\",\"potentialAction\":[{\"@type\":\"ReadAction\",\"target\":[\"https:\\\/\\\/leonardodavinci.it\\\/de\\\/privacy-policy\\\/\"]}]},{\"@type\":\"BreadcrumbList\",\"@id\":\"https:\\\/\\\/leonardodavinci.it\\\/de\\\/privacy-policy\\\/#breadcrumb\",\"itemListElement\":[{\"@type\":\"ListItem\",\"position\":1,\"name\":\"Home\",\"item\":\"https:\\\/\\\/leonardodavinci.it\\\/de\\\/\"},{\"@type\":\"ListItem\",\"position\":2,\"name\":\"Privacy Policy Leonardo da Vinci\"}]},{\"@type\":\"WebSite\",\"@id\":\"https:\\\/\\\/leonardodavinci.it\\\/de\\\/#website\",\"url\":\"https:\\\/\\\/leonardodavinci.it\\\/de\\\/\",\"name\":\"Leonardo Da Vinci\",\"description\":\"L&#039;azienda vinicola ispirata dal Genio\",\"publisher\":{\"@id\":\"https:\\\/\\\/leonardodavinci.it\\\/de\\\/#organization\"},\"potentialAction\":[{\"@type\":\"SearchAction\",\"target\":{\"@type\":\"EntryPoint\",\"urlTemplate\":\"https:\\\/\\\/leonardodavinci.it\\\/de\\\/?s={search_term_string}\"},\"query-input\":{\"@type\":\"PropertyValueSpecification\",\"valueRequired\":true,\"valueName\":\"search_term_string\"}}],\"inLanguage\":\"de\"},{\"@type\":\"Organization\",\"@id\":\"https:\\\/\\\/leonardodavinci.it\\\/de\\\/#organization\",\"name\":\"Leonardo da Vinci S.p.A.\",\"url\":\"https:\\\/\\\/leonardodavinci.it\\\/de\\\/\",\"logo\":{\"@type\":\"ImageObject\",\"inLanguage\":\"de\",\"@id\":\"https:\\\/\\\/leonardodavinci.it\\\/de\\\/#\\\/schema\\\/logo\\\/image\\\/\",\"url\":\"https:\\\/\\\/leonardodavinci.it\\\/wp-content\\\/uploads\\\/2021\\\/11\\\/Logo-LDV.svg\",\"contentUrl\":\"https:\\\/\\\/leonardodavinci.it\\\/wp-content\\\/uploads\\\/2021\\\/11\\\/Logo-LDV.svg\",\"width\":473,\"height\":115,\"caption\":\"Leonardo da Vinci S.p.A.\"},\"image\":{\"@id\":\"https:\\\/\\\/leonardodavinci.it\\\/de\\\/#\\\/schema\\\/logo\\\/image\\\/\"},\"sameAs\":[\"https:\\\/\\\/www.facebook.com\\\/LeonardodaVinciwines\",\"https:\\\/\\\/www.instagram.com\\\/leonardodavinci_wines\\\/\"]}]}<\/script>\n<!-- \/ Yoast SEO plugin. -->","yoast_head_json":{"title":"Privacy policy: Datenschutz | Leonardo Da Vinci","description":"Erfahren Sie mehr \u00fcber die Datenschutzbestimmungen f\u00fcr Nutzer und lesen Sie die rechtlichen Hinweise auf der Leonardo da Vinci Website.","robots":{"index":"index","follow":"follow","max-snippet":"max-snippet:-1","max-image-preview":"max-image-preview:large","max-video-preview":"max-video-preview:-1"},"canonical":"https:\/\/leonardodavinci.it\/de\/privacy-policy\/","og_locale":"de_DE","og_type":"article","og_title":"Privacy policy: Datenschutz | Leonardo Da Vinci","og_description":"Erfahren Sie mehr \u00fcber die Datenschutzbestimmungen f\u00fcr Nutzer und lesen Sie die rechtlichen Hinweise auf der Leonardo da Vinci Website.","og_url":"https:\/\/leonardodavinci.it\/de\/privacy-policy\/","og_site_name":"Leonardo Da Vinci","article_publisher":"https:\/\/www.facebook.com\/LeonardodaVinciwines","article_modified_time":"2022-05-20T13:04:35+00:00","og_image":[{"width":1377,"height":768,"url":"https:\/\/leonardodavinci.it\/wp-content\/uploads\/2021\/12\/leonardo_social.jpg","type":"image\/jpeg"}],"twitter_card":"summary_large_image","twitter_misc":{"Gesch\u00e4tzte Lesezeit":"5\u00a0Minuten"},"schema":{"@context":"https:\/\/schema.org","@graph":[{"@type":"WebPage","@id":"https:\/\/leonardodavinci.it\/de\/privacy-policy\/","url":"https:\/\/leonardodavinci.it\/de\/privacy-policy\/","name":"Privacy policy: Datenschutz | Leonardo Da Vinci","isPartOf":{"@id":"https:\/\/leonardodavinci.it\/de\/#website"},"datePublished":"2021-12-03T13:21:57+00:00","dateModified":"2022-05-20T13:04:35+00:00","description":"Erfahren Sie mehr \u00fcber die Datenschutzbestimmungen f\u00fcr Nutzer und lesen Sie die rechtlichen Hinweise auf der Leonardo da Vinci Website.","breadcrumb":{"@id":"https:\/\/leonardodavinci.it\/de\/privacy-policy\/#breadcrumb"},"inLanguage":"de","potentialAction":[{"@type":"ReadAction","target":["https:\/\/leonardodavinci.it\/de\/privacy-policy\/"]}]},{"@type":"BreadcrumbList","@id":"https:\/\/leonardodavinci.it\/de\/privacy-policy\/#breadcrumb","itemListElement":[{"@type":"ListItem","position":1,"name":"Home","item":"https:\/\/leonardodavinci.it\/de\/"},{"@type":"ListItem","position":2,"name":"Privacy Policy Leonardo da Vinci"}]},{"@type":"WebSite","@id":"https:\/\/leonardodavinci.it\/de\/#website","url":"https:\/\/leonardodavinci.it\/de\/","name":"Leonardo Da Vinci","description":"L&#039;azienda vinicola ispirata dal Genio","publisher":{"@id":"https:\/\/leonardodavinci.it\/de\/#organization"},"potentialAction":[{"@type":"SearchAction","target":{"@type":"EntryPoint","urlTemplate":"https:\/\/leonardodavinci.it\/de\/?s={search_term_string}"},"query-input":{"@type":"PropertyValueSpecification","valueRequired":true,"valueName":"search_term_string"}}],"inLanguage":"de"},{"@type":"Organization","@id":"https:\/\/leonardodavinci.it\/de\/#organization","name":"Leonardo da Vinci S.p.A.","url":"https:\/\/leonardodavinci.it\/de\/","logo":{"@type":"ImageObject","inLanguage":"de","@id":"https:\/\/leonardodavinci.it\/de\/#\/schema\/logo\/image\/","url":"https:\/\/leonardodavinci.it\/wp-content\/uploads\/2021\/11\/Logo-LDV.svg","contentUrl":"https:\/\/leonardodavinci.it\/wp-content\/uploads\/2021\/11\/Logo-LDV.svg","width":473,"height":115,"caption":"Leonardo da Vinci S.p.A."},"image":{"@id":"https:\/\/leonardodavinci.it\/de\/#\/schema\/logo\/image\/"},"sameAs":["https:\/\/www.facebook.com\/LeonardodaVinciwines","https:\/\/www.instagram.com\/leonardodavinci_wines\/"]}]}},"_links":{"self":[{"href":"https:\/\/leonardodavinci.it\/de\/wp-json\/wp\/v2\/pages\/12619","targetHints":{"allow":["GET"]}}],"collection":[{"href":"https:\/\/leonardodavinci.it\/de\/wp-json\/wp\/v2\/pages"}],"about":[{"href":"https:\/\/leonardodavinci.it\/de\/wp-json\/wp\/v2\/types\/page"}],"author":[{"embeddable":true,"href":"https:\/\/leonardodavinci.it\/de\/wp-json\/wp\/v2\/users\/1"}],"replies":[{"embeddable":true,"href":"https:\/\/leonardodavinci.it\/de\/wp-json\/wp\/v2\/comments?post=12619"}],"version-history":[{"count":3,"href":"https:\/\/leonardodavinci.it\/de\/wp-json\/wp\/v2\/pages\/12619\/revisions"}],"predecessor-version":[{"id":22097,"href":"https:\/\/leonardodavinci.it\/de\/wp-json\/wp\/v2\/pages\/12619\/revisions\/22097"}],"wp:attachment":[{"href":"https:\/\/leonardodavinci.it\/de\/wp-json\/wp\/v2\/media?parent=12619"}],"curies":[{"name":"wp","href":"https:\/\/api.w.org\/{rel}","templated":true}]}}