{"id":12615,"date":"2021-12-03T14:20:07","date_gmt":"2021-12-03T13:20:07","guid":{"rendered":"https:\/\/leonardodavinci.it\/cookie-policy\/"},"modified":"2022-01-05T12:23:17","modified_gmt":"2022-01-05T11:23:17","slug":"cookie-policy","status":"publish","type":"page","link":"https:\/\/leonardodavinci.it\/de\/cookie-policy\/","title":{"rendered":"Cookie policy"},"content":{"rendered":"\t\t<div data-elementor-type=\"wp-page\" data-elementor-id=\"12615\" class=\"elementor elementor-12615 elementor-7975\" data-elementor-post-type=\"page\">\n\t\t\t\t\t\t<section class=\"elementor-section elementor-top-section elementor-element elementor-element-429bb78 elementor-section-boxed elementor-section-height-default elementor-section-height-default\" data-id=\"429bb78\" data-element_type=\"section\">\n\t\t\t\t\t\t<div class=\"elementor-container elementor-column-gap-default\">\n\t\t\t\t\t<div class=\"elementor-column elementor-col-100 elementor-top-column elementor-element elementor-element-68cc59a\" data-id=\"68cc59a\" data-element_type=\"column\">\n\t\t\t<div class=\"elementor-widget-wrap elementor-element-populated\">\n\t\t\t\t\t\t<div class=\"elementor-element elementor-element-f2845d1 elementor-widget elementor-widget-global elementor-global-13973 elementor-global-13944 elementor-widget-text-editor\" data-id=\"f2845d1\" data-element_type=\"widget\" data-widget_type=\"text-editor.default\">\n\t\t\t\t<div class=\"elementor-widget-container\">\n\t\t\t<style>\/*! elementor - v3.21.0 - 08-05-2024 *\/\n.elementor-widget-text-editor.elementor-drop-cap-view-stacked .elementor-drop-cap{background-color:#69727d;color:#fff}.elementor-widget-text-editor.elementor-drop-cap-view-framed .elementor-drop-cap{color:#69727d;border:3px solid;background-color:transparent}.elementor-widget-text-editor:not(.elementor-drop-cap-view-default) .elementor-drop-cap{margin-top:8px}.elementor-widget-text-editor:not(.elementor-drop-cap-view-default) .elementor-drop-cap-letter{width:1em;height:1em}.elementor-widget-text-editor .elementor-drop-cap{float:left;text-align:center;line-height:1;font-size:50px}.elementor-widget-text-editor .elementor-drop-cap-letter{display:inline-block}<\/style>\t\t\t\t<p><strong>Informationsschreiben \u00fcber die Verwendung der Cookies auf der Website www.leonardodavinci.it<\/strong><\/p>\n<p>Das folgende Informationsschreiben \u00fcber die Verwendung von Cookies auf dieser Website erreicht den Nutzer\/Internetsurfer in Anwendung der Bestimmungen der Aufsichtsbeh\u00f6rde f\u00fcr den Datenschutz vom 8. Mai 2014 \u00fcber die \u201eErmittlung von vereinfachten Methoden f\u00fcr die Information \u00fcber Cookies und die Erhaltung der Einwilligung f\u00fcr die Verwendung von Cookies\u201c und nach Art. 13 des Datenschutzgesetzes (Legislativdekret 196\/2003).<\/p>\n<p>Das Informationsschreiben wird erstellt und aktualisiert von LEONARDO DA VINCI S.P.A., Verwalter der Website und Verantwortlicher der damit verbundenen Datenverarbeitung, mit Sitz in Via del Torrino, 19 \u2013 VINCI (FI), Tel. +39 0571 902444 Fax. +39 0571 509960 E-mail info@leonardodavinci.it<\/p>\n<p>Alle weiteren Fragen \u00fcber die Verwendung der Cookies k\u00f6nnen an folgende E-Mail-Adresse gesendet werden: info@leonardodavinci.it (an LEONARDO DA VINCI S.P.A.).<\/p>\n<p>Man kann sich an dieselbe Adresse wenden, um die Rechte auszu\u00fcben, die das Gesetz zugunsten der betroffenen Person vorsieht (Art. 7 ff. des Legislativdekrets Nr. 196 vom 30. Juni 2003: z.B. Zugang, L\u00f6schung, Aktualisierung, Berichtigung, Integration usw.), und um die aktualisierte Liste der allenfalls ernannten Auftragsverarbeiter zu erhalten.<\/p>\n<p>Die personenbezogenen Daten werden, wo n\u00f6tig, von Sonderbeauftragten von LEONARDO DA VINCI S.P.A. verarbeitet und werden weder weitergereicht noch verbreitet.<\/p>\n<p>Welche Cookies werden auf dieser Website verwendet?<\/p>\n<p>Auf dieser Website werden technische Cookies verwendet, die die fehlerfreie Nutzung der Websiteinhalte garantieren.<\/p>\n<p>Die Website gestattet au\u00dferdem die Verwendung von Google Analytics, einem Drittanbieter-Cookie (d.h., es wird nicht von LEONARDO DA VINCI S.P.A. verwaltet), das eine anonyme und aggregierte Analyse \u00fcber das Verhalten der Websitenutzer erstellt: F\u00fcr genauere Informationen \u00fcber die Funktionsweise dieses Cookies siehe das Informationsschreiben unter folgender Adresse: http:\/\/www.google.it\/policies\/privacy\/partners\/<\/p>\n<p>Diese Website verwendet keine Cookies zur Profilerstellung.<\/p>\n<p><a href=\"https:\/\/www.iubenda.com\/privacy-policy\/11702431\/cookie-policy\/section\/technical-cookies\" class=\"iubenda-white no-brand iubenda-noiframe iubenda-embed iub-legal-only iubenda-noiframe iub-body-embed\" title=\"Cookie-Richtlinie\">Cookie-Richtlinie<\/a><script type=\"text\/javascript\">(function (w,d) {var loader = function () {var s = d.createElement(\"script\"), tag = d.getElementsByTagName(\"script\")[0]; s.src=\"https:\/\/cdn.iubenda.com\/iubenda.js\"; tag.parentNode.insertBefore(s,tag);}; if(w.addEventListener){w.addEventListener(\"load\", loader, false);}else if(w.attachEvent){w.attachEvent(\"onload\", loader);}else{w.onload = loader;}})(window, document);<\/script><\/p>\n<p><a href=\"https:\/\/www.iubenda.com\/privacy-policy\/11702431\/cookie-policy\/section\/other-types-cookies\" class=\"iubenda-white no-brand iubenda-noiframe iubenda-embed iub-legal-only iubenda-noiframe iub-body-embed\" title=\"Cookie-Richtlinie\">Cookie-Richtlinie<\/a><script type=\"text\/javascript\">(function (w,d) {var loader = function () {var s = d.createElement(\"script\"), tag = d.getElementsByTagName(\"script\")[0]; s.src=\"https:\/\/cdn.iubenda.com\/iubenda.js\"; tag.parentNode.insertBefore(s,tag);}; if(w.addEventListener){w.addEventListener(\"load\", loader, false);}else if(w.attachEvent){w.attachEvent(\"onload\", loader);}else{w.onload = loader;}})(window, document);<\/script><\/p>\n\t\t\t\t\t\t<\/div>\n\t\t\t\t<\/div>\n\t\t\t\t\t<\/div>\n\t\t<\/div>\n\t\t\t\t\t<\/div>\n\t\t<\/section>\n\t\t\t\t<\/div>\n\t\t","protected":false},"excerpt":{"rendered":"<p>Informativa circa l\u2019uso dei cookie sul sito www.leonardodavinci.it L\u2019informativa di seguito riportata, relativa all\u2019uso di cookie su questo sito web, \u00e8 resa all\u2019utente\/navigatore in attuazione del provvedimento del Garante per la protezione dei dati personali dell\u20198 maggio 2014 \u201cIndividuazione delle modalit\u00e0 semplificate per l\u2019informativa e l\u2019acquisizione del consenso per l\u2019uso dei cookie\u201d e nel rispetto [&hellip;]<\/p>\n","protected":false},"author":1,"featured_media":0,"parent":0,"menu_order":0,"comment_status":"closed","ping_status":"closed","template":"","meta":{"_acf_changed":false,"_sitemap_exclude":false,"_sitemap_priority":"","_sitemap_frequency":"","site-sidebar-layout":"default","site-content-layout":"","ast-site-content-layout":"","site-content-style":"default","site-sidebar-style":"default","ast-global-header-display":"","ast-banner-title-visibility":"","ast-main-header-display":"","ast-hfb-above-header-display":"","ast-hfb-below-header-display":"","ast-hfb-mobile-header-display":"","site-post-title":"","ast-breadcrumbs-content":"","ast-featured-img":"","footer-sml-layout":"","theme-transparent-header-meta":"","adv-header-id-meta":"","stick-header-meta":"","header-above-stick-meta":"","header-main-stick-meta":"","header-below-stick-meta":"","astra-migrate-meta-layouts":"default","ast-page-background-enabled":"default","ast-page-background-meta":{"desktop":{"background-color":"","background-image":"","background-repeat":"repeat","background-position":"center center","background-size":"auto","background-attachment":"scroll","background-type":"","background-media":"","overlay-type":"","overlay-color":"","overlay-gradient":""},"tablet":{"background-color":"","background-image":"","background-repeat":"repeat","background-position":"center center","background-size":"auto","background-attachment":"scroll","background-type":"","background-media":"","overlay-type":"","overlay-color":"","overlay-gradient":""},"mobile":{"background-color":"","background-image":"","background-repeat":"repeat","background-position":"center center","background-size":"auto","background-attachment":"scroll","background-type":"","background-media":"","overlay-type":"","overlay-color":"","overlay-gradient":""}},"ast-content-background-meta":{"desktop":{"background-color":"var(--ast-global-color-5)","background-image":"","background-repeat":"repeat","background-position":"center center","background-size":"auto","background-attachment":"scroll","background-type":"","background-media":"","overlay-type":"","overlay-color":"","overlay-gradient":""},"tablet":{"background-color":"var(--ast-global-color-5)","background-image":"","background-repeat":"repeat","background-position":"center center","background-size":"auto","background-attachment":"scroll","background-type":"","background-media":"","overlay-type":"","overlay-color":"","overlay-gradient":""},"mobile":{"background-color":"var(--ast-global-color-5)","background-image":"","background-repeat":"repeat","background-position":"center center","background-size":"auto","background-attachment":"scroll","background-type":"","background-media":"","overlay-type":"","overlay-color":"","overlay-gradient":""}},"footnotes":""},"class_list":["post-12615","page","type-page","status-publish","hentry"],"acf":[],"yoast_head":"<!-- This site is optimized with the Yoast SEO plugin v27.3 - https:\/\/yoast.com\/product\/yoast-seo-wordpress\/ -->\n<title>Cookie policy | Leonardo Da Vinci<\/title>\n<meta name=\"description\" content=\"Erfahren Sie mehr dar\u00fcber, wie die Leonardo da Vinci Website Cookies verwendet. Weitere Informationen finden Sie auf dieser Seite.\" \/>\n<meta name=\"robots\" content=\"index, follow, max-snippet:-1, max-image-preview:large, max-video-preview:-1\" \/>\n<link rel=\"canonical\" href=\"https:\/\/leonardodavinci.it\/de\/cookie-policy\/\" \/>\n<meta property=\"og:locale\" content=\"de_DE\" \/>\n<meta property=\"og:type\" content=\"article\" \/>\n<meta property=\"og:title\" content=\"Cookie policy | Leonardo Da Vinci\" \/>\n<meta property=\"og:description\" content=\"Erfahren Sie mehr dar\u00fcber, wie die Leonardo da Vinci Website Cookies verwendet. Weitere Informationen finden Sie auf dieser Seite.\" \/>\n<meta property=\"og:url\" content=\"https:\/\/leonardodavinci.it\/de\/cookie-policy\/\" \/>\n<meta property=\"og:site_name\" content=\"Leonardo Da Vinci\" \/>\n<meta property=\"article:publisher\" content=\"https:\/\/www.facebook.com\/LeonardodaVinciwines\" \/>\n<meta property=\"article:modified_time\" content=\"2022-01-05T11:23:17+00:00\" \/>\n<meta property=\"og:image\" content=\"https:\/\/leonardodavinci.it\/wp-content\/uploads\/2021\/12\/leonardo_social.jpg\" \/>\n\t<meta property=\"og:image:width\" content=\"1377\" \/>\n\t<meta property=\"og:image:height\" content=\"768\" \/>\n\t<meta property=\"og:image:type\" content=\"image\/jpeg\" \/>\n<meta name=\"twitter:card\" content=\"summary_large_image\" \/>\n<meta name=\"twitter:label1\" content=\"Gesch\u00e4tzte Lesezeit\" \/>\n\t<meta name=\"twitter:data1\" content=\"2\u00a0Minuten\" \/>\n<script type=\"application\/ld+json\" class=\"yoast-schema-graph\">{\"@context\":\"https:\\\/\\\/schema.org\",\"@graph\":[{\"@type\":\"WebPage\",\"@id\":\"https:\\\/\\\/leonardodavinci.it\\\/de\\\/cookie-policy\\\/\",\"url\":\"https:\\\/\\\/leonardodavinci.it\\\/de\\\/cookie-policy\\\/\",\"name\":\"Cookie policy | Leonardo Da Vinci\",\"isPartOf\":{\"@id\":\"https:\\\/\\\/leonardodavinci.it\\\/de\\\/#website\"},\"datePublished\":\"2021-12-03T13:20:07+00:00\",\"dateModified\":\"2022-01-05T11:23:17+00:00\",\"description\":\"Erfahren Sie mehr dar\u00fcber, wie die Leonardo da Vinci Website Cookies verwendet. Weitere Informationen finden Sie auf dieser Seite.\",\"breadcrumb\":{\"@id\":\"https:\\\/\\\/leonardodavinci.it\\\/de\\\/cookie-policy\\\/#breadcrumb\"},\"inLanguage\":\"de\",\"potentialAction\":[{\"@type\":\"ReadAction\",\"target\":[\"https:\\\/\\\/leonardodavinci.it\\\/de\\\/cookie-policy\\\/\"]}]},{\"@type\":\"BreadcrumbList\",\"@id\":\"https:\\\/\\\/leonardodavinci.it\\\/de\\\/cookie-policy\\\/#breadcrumb\",\"itemListElement\":[{\"@type\":\"ListItem\",\"position\":1,\"name\":\"Home\",\"item\":\"https:\\\/\\\/leonardodavinci.it\\\/de\\\/\"},{\"@type\":\"ListItem\",\"position\":2,\"name\":\"Cookie policy\"}]},{\"@type\":\"WebSite\",\"@id\":\"https:\\\/\\\/leonardodavinci.it\\\/de\\\/#website\",\"url\":\"https:\\\/\\\/leonardodavinci.it\\\/de\\\/\",\"name\":\"Leonardo Da Vinci\",\"description\":\"L&#039;azienda vinicola ispirata dal Genio\",\"publisher\":{\"@id\":\"https:\\\/\\\/leonardodavinci.it\\\/de\\\/#organization\"},\"potentialAction\":[{\"@type\":\"SearchAction\",\"target\":{\"@type\":\"EntryPoint\",\"urlTemplate\":\"https:\\\/\\\/leonardodavinci.it\\\/de\\\/?s={search_term_string}\"},\"query-input\":{\"@type\":\"PropertyValueSpecification\",\"valueRequired\":true,\"valueName\":\"search_term_string\"}}],\"inLanguage\":\"de\"},{\"@type\":\"Organization\",\"@id\":\"https:\\\/\\\/leonardodavinci.it\\\/de\\\/#organization\",\"name\":\"Leonardo da Vinci S.p.A.\",\"url\":\"https:\\\/\\\/leonardodavinci.it\\\/de\\\/\",\"logo\":{\"@type\":\"ImageObject\",\"inLanguage\":\"de\",\"@id\":\"https:\\\/\\\/leonardodavinci.it\\\/de\\\/#\\\/schema\\\/logo\\\/image\\\/\",\"url\":\"https:\\\/\\\/leonardodavinci.it\\\/wp-content\\\/uploads\\\/2021\\\/11\\\/Logo-LDV.svg\",\"contentUrl\":\"https:\\\/\\\/leonardodavinci.it\\\/wp-content\\\/uploads\\\/2021\\\/11\\\/Logo-LDV.svg\",\"width\":473,\"height\":115,\"caption\":\"Leonardo da Vinci S.p.A.\"},\"image\":{\"@id\":\"https:\\\/\\\/leonardodavinci.it\\\/de\\\/#\\\/schema\\\/logo\\\/image\\\/\"},\"sameAs\":[\"https:\\\/\\\/www.facebook.com\\\/LeonardodaVinciwines\",\"https:\\\/\\\/www.instagram.com\\\/leonardodavinci_wines\\\/\"]}]}<\/script>\n<!-- \/ Yoast SEO plugin. -->","yoast_head_json":{"title":"Cookie policy | Leonardo Da Vinci","description":"Erfahren Sie mehr dar\u00fcber, wie die Leonardo da Vinci Website Cookies verwendet. Weitere Informationen finden Sie auf dieser Seite.","robots":{"index":"index","follow":"follow","max-snippet":"max-snippet:-1","max-image-preview":"max-image-preview:large","max-video-preview":"max-video-preview:-1"},"canonical":"https:\/\/leonardodavinci.it\/de\/cookie-policy\/","og_locale":"de_DE","og_type":"article","og_title":"Cookie policy | Leonardo Da Vinci","og_description":"Erfahren Sie mehr dar\u00fcber, wie die Leonardo da Vinci Website Cookies verwendet. Weitere Informationen finden Sie auf dieser Seite.","og_url":"https:\/\/leonardodavinci.it\/de\/cookie-policy\/","og_site_name":"Leonardo Da Vinci","article_publisher":"https:\/\/www.facebook.com\/LeonardodaVinciwines","article_modified_time":"2022-01-05T11:23:17+00:00","og_image":[{"width":1377,"height":768,"url":"https:\/\/leonardodavinci.it\/wp-content\/uploads\/2021\/12\/leonardo_social.jpg","type":"image\/jpeg"}],"twitter_card":"summary_large_image","twitter_misc":{"Gesch\u00e4tzte Lesezeit":"2\u00a0Minuten"},"schema":{"@context":"https:\/\/schema.org","@graph":[{"@type":"WebPage","@id":"https:\/\/leonardodavinci.it\/de\/cookie-policy\/","url":"https:\/\/leonardodavinci.it\/de\/cookie-policy\/","name":"Cookie policy | Leonardo Da Vinci","isPartOf":{"@id":"https:\/\/leonardodavinci.it\/de\/#website"},"datePublished":"2021-12-03T13:20:07+00:00","dateModified":"2022-01-05T11:23:17+00:00","description":"Erfahren Sie mehr dar\u00fcber, wie die Leonardo da Vinci Website Cookies verwendet. Weitere Informationen finden Sie auf dieser Seite.","breadcrumb":{"@id":"https:\/\/leonardodavinci.it\/de\/cookie-policy\/#breadcrumb"},"inLanguage":"de","potentialAction":[{"@type":"ReadAction","target":["https:\/\/leonardodavinci.it\/de\/cookie-policy\/"]}]},{"@type":"BreadcrumbList","@id":"https:\/\/leonardodavinci.it\/de\/cookie-policy\/#breadcrumb","itemListElement":[{"@type":"ListItem","position":1,"name":"Home","item":"https:\/\/leonardodavinci.it\/de\/"},{"@type":"ListItem","position":2,"name":"Cookie policy"}]},{"@type":"WebSite","@id":"https:\/\/leonardodavinci.it\/de\/#website","url":"https:\/\/leonardodavinci.it\/de\/","name":"Leonardo Da Vinci","description":"L&#039;azienda vinicola ispirata dal Genio","publisher":{"@id":"https:\/\/leonardodavinci.it\/de\/#organization"},"potentialAction":[{"@type":"SearchAction","target":{"@type":"EntryPoint","urlTemplate":"https:\/\/leonardodavinci.it\/de\/?s={search_term_string}"},"query-input":{"@type":"PropertyValueSpecification","valueRequired":true,"valueName":"search_term_string"}}],"inLanguage":"de"},{"@type":"Organization","@id":"https:\/\/leonardodavinci.it\/de\/#organization","name":"Leonardo da Vinci S.p.A.","url":"https:\/\/leonardodavinci.it\/de\/","logo":{"@type":"ImageObject","inLanguage":"de","@id":"https:\/\/leonardodavinci.it\/de\/#\/schema\/logo\/image\/","url":"https:\/\/leonardodavinci.it\/wp-content\/uploads\/2021\/11\/Logo-LDV.svg","contentUrl":"https:\/\/leonardodavinci.it\/wp-content\/uploads\/2021\/11\/Logo-LDV.svg","width":473,"height":115,"caption":"Leonardo da Vinci S.p.A."},"image":{"@id":"https:\/\/leonardodavinci.it\/de\/#\/schema\/logo\/image\/"},"sameAs":["https:\/\/www.facebook.com\/LeonardodaVinciwines","https:\/\/www.instagram.com\/leonardodavinci_wines\/"]}]}},"_links":{"self":[{"href":"https:\/\/leonardodavinci.it\/de\/wp-json\/wp\/v2\/pages\/12615","targetHints":{"allow":["GET"]}}],"collection":[{"href":"https:\/\/leonardodavinci.it\/de\/wp-json\/wp\/v2\/pages"}],"about":[{"href":"https:\/\/leonardodavinci.it\/de\/wp-json\/wp\/v2\/types\/page"}],"author":[{"embeddable":true,"href":"https:\/\/leonardodavinci.it\/de\/wp-json\/wp\/v2\/users\/1"}],"replies":[{"embeddable":true,"href":"https:\/\/leonardodavinci.it\/de\/wp-json\/wp\/v2\/comments?post=12615"}],"version-history":[{"count":9,"href":"https:\/\/leonardodavinci.it\/de\/wp-json\/wp\/v2\/pages\/12615\/revisions"}],"predecessor-version":[{"id":14904,"href":"https:\/\/leonardodavinci.it\/de\/wp-json\/wp\/v2\/pages\/12615\/revisions\/14904"}],"wp:attachment":[{"href":"https:\/\/leonardodavinci.it\/de\/wp-json\/wp\/v2\/media?parent=12615"}],"curies":[{"name":"wp","href":"https:\/\/api.w.org\/{rel}","templated":true}]}}