{"id":12589,"date":"2021-12-03T10:16:28","date_gmt":"2021-12-03T09:16:28","guid":{"rendered":"https:\/\/leonardodavinci.it\/anekdoten\/"},"modified":"2021-12-17T14:30:41","modified_gmt":"2021-12-17T13:30:41","slug":"anekdoten","status":"publish","type":"page","link":"https:\/\/leonardodavinci.it\/de\/anekdoten\/","title":{"rendered":"Anekdoten"},"content":{"rendered":"\t\t<div data-elementor-type=\"wp-page\" data-elementor-id=\"12589\" class=\"elementor elementor-12589 elementor-1274\" data-elementor-post-type=\"page\">\n\t\t\t\t\t\t<section class=\"elementor-section elementor-top-section elementor-element elementor-element-e46f303 elementor-section-full_width sezione-carousel-custom elementor-section-height-default elementor-section-height-default\" data-id=\"e46f303\" data-element_type=\"section\">\n\t\t\t\t\t\t<div class=\"elementor-container elementor-column-gap-default\">\n\t\t\t\t\t<div class=\"elementor-column elementor-col-100 elementor-top-column elementor-element elementor-element-48cbf01\" data-id=\"48cbf01\" data-element_type=\"column\">\n\t\t\t<div class=\"elementor-widget-wrap elementor-element-populated\">\n\t\t\t\t\t\t<div class=\"elementor-element elementor-element-8d14f88 elementor-widget elementor-widget-html\" data-id=\"8d14f88\" data-element_type=\"widget\" data-widget_type=\"html.default\">\n\t\t\t\t<div class=\"elementor-widget-container\">\n\t\t\t<div class=\"row slider-split video doppio\">\r\n    <a class=\"carousel-control-prev\" href=\"#carouselExampleIndicators\" role=\"button\" data-slide=\"prev\">\r\n        <img decoding=\"async\" src=\"\/wp-content\/themes\/astra-child\/img\/Arrow-left.svg\">\r\n    <\/a>\r\n\r\n<div class=\"col-xl-6 p-0 sx-col-content offset-xl-3\">\r\n \r\n    <div id=\"carouselExampleIndicators\" class=\"carousel slide h-100\" data-ride=\"carousel\">\r\n        <ol class=\"carousel-indicators desktop\">\r\n            <li data-target=\"#carouselExampleIndicators\" data-slide-to=\"0\" class=\"active\">1. Genetische Berufung<\/li>\r\n            <li data-target=\"#carouselExampleIndicators\" data-slide-to=\"1\">2. Wo alles begonnen hat<\/li>\r\n            <li data-target=\"#carouselExampleIndicators\" data-slide-to=\"2\">3. In der Romagna<\/li>\r\n            <li data-target=\"#carouselExampleIndicators\" data-slide-to=\"3\">4. Im Schatten des Doms<\/li>\r\n            <li data-target=\"#carouselExampleIndicators\" data-slide-to=\"4\">5. Heilig wie die Nahrung<\/li>\r\n        <\/ol>\r\n        <ol class=\"carousel-indicators sotto desktop\">\r\n            <li data-target=\"#carouselExampleIndicators\" data-slide-to=\"5\">6. Der Brief an den Gutsverwalter<\/li>\r\n            <li data-target=\"#carouselExampleIndicators\" data-slide-to=\"6\">7. Familien-Crus<\/li>\r\n            <li data-target=\"#carouselExampleIndicators\" data-slide-to=\"7\">8. Designeretikett<\/li>\r\n            <li data-target=\"#carouselExampleIndicators\" data-slide-to=\"8\">9. Die Barrique<\/li>\r\n            <li data-target=\"#carouselExampleIndicators\" data-slide-to=\"9\">10. Der vitruvianische Mensch<\/li>\r\n        <\/ol>\r\n\r\n        <div class=\"carousel-inner h-100\">\r\n            <div class=\"carousel-item  active\" data-holder-rendered=\"true\">\r\n                <div class=\"h-100\">\r\n                    <div class=\"video-container\" ><video autoplay=\"autoplay\" muted src=\"\/wp-content\/themes\/astra-child\/video\/1.mp4\" ><\/video><\/div>\r\n                    \r\n                <\/div>\r\n                <div class=\"carousel-caption d-none\">\r\n                <span class=\"number-slider\">1 \/ 10 <\/span>\r\n                <p class=\"sottotitolo-slider\">Genetische Berufung<\/p>\r\n                    <p>Zwischen Leonardo und dem Wein besteht eine t\u00e4gliche, tiefe und intensive Verbundenheit. Es konnte gar nicht anders sein: Das Genie kommt in einer Familie zur Welt, die aus einer kleinen Ortschaft auf den wundersch\u00f6nen H\u00fcgeln der Toskana stammt. In Vinci ist die Liebe zum Boden und zu dem, was er hervorbringt, f\u00fcr alle Bewohner eine Selbstverst\u00e4ndlichkeit.<\/p>\t\t\t\t\t\r\n                <\/div>\r\n            <\/div>\r\n            <div class=\"carousel-item \" data-holder-rendered=\"true\">\r\n                <div class=\"h-100\">\r\n                    <div class=\"video-container\" ><video  muted src=\"https:\/\/leonardodavinci.it\/wp-content\/themes\/astra-child\/video\/2.mp4\" ><\/video><\/div>\r\n                <\/div>\r\n                <div class=\"carousel-caption d-none\">\r\n                <span class=\"number-slider\">2 \/ 10 <\/span>\r\n                <p class=\"sottotitolo-slider\">Wo alles begonnen hat<\/p>\r\n                    <p>Vinci, ein kleiner Ort an den H\u00e4ngen des Montalbano, ist von der lieblichen H\u00fcgellandschaft der Toskana umgeben. Ein wahres Paradies f\u00fcr Reben und Olivenb\u00e4ume. Hier empfangen wir die Liebhaber von Wein, Kunst, Natur und Wissenschaft und begleiten sie auf der Entdeckungsreise zu den Urspr\u00fcngen des Genies.<\/p>\t\t\t\t\t\r\n                <\/div>\r\n            <\/div>\r\n            <div class=\"carousel-item \" data-holder-rendered=\"true\">\r\n                <div class=\"h-100\">\r\n                    <div class=\"video-container\" ><video muted src=\"https:\/\/leonardodavinci.it\/wp-content\/themes\/astra-child\/video\/3.mp4\" ><\/video><\/div>\r\n                <\/div>\r\n                <div class=\"carousel-caption d-none\">\r\n                <span class=\"number-slider\">3 \/ 10 <\/span>\r\n                <p class=\"sottotitolo-slider\">In der Romagna<\/p>\r\n                    <p>Eine Landschaft, die Leonardos Herz h\u00f6her schlagen l\u00e4sst und f\u00fcr sein \u00f6nologisches Wissen pr\u00e4gend ist. Hier zeichnet der Meister 1502, w\u00e4hrend er von Cesare Borgia mit dem Projekt f\u00fcr die Festungen des Herzogtums der Romagna beauftragt ist, die ber\u00fchmten trocknenden Trauben von Uve portate a Cesena. Die Zeichnung wird in der Bibliothek des Institut de France in Paris aufbewahrt.<\/p>\t\t\t\t\t\r\n                <\/div>\r\n            <\/div>\r\n            <div class=\"carousel-item \" data-holder-rendered=\"true\">\r\n                <div class=\"h-100\">\r\n                    <div class=\"video-container\" ><video  muted src=\"https:\/\/leonardodavinci.it\/wp-content\/themes\/astra-child\/video\/4.mp4\" ><\/video><\/div>\r\n                <\/div>\r\n                <div class=\"carousel-caption d-none\">\r\n                <span class=\"number-slider\">4 \/ 10 <\/span>\r\n                <p class=\"sottotitolo-slider\">Im Schatten des Doms<\/p>\r\n                    <p>Sechzehn Weinst\u00f6cke, nur wenige Schritte von Santa Maria delle Grazie Dom entfernt: Damit dankt Ludovico Il Moro dem Genie f\u00fcr das Meisterwerk des Abendmahls. Mitten in Mailand war der ehemalige Weinberg von Leonardo da Vinci verborgen; er wurde jetzt dank einer au\u00dferordentlichen \u00f6nologischen und philologischen Studie wieder ans Licht gebracht.<\/p>\t\t\t\t\t\r\n                <\/div>\r\n            <\/div>\r\n        <div class=\"carousel-item \" data-holder-rendered=\"true\">\r\n                <div class=\"h-100\">\r\n                <div class=\"video-container\" ><video  muted src=\"https:\/\/leonardodavinci.it\/wp-content\/themes\/astra-child\/video\/5.mp4\" ><\/video><\/div>\r\n                <\/div>\r\n                <div class=\"carousel-caption d-none\">\r\n                <span class=\"number-slider\">5 \/ 10 <\/span>\r\n                <p class=\"sottotitolo-slider\">Heilig wie die Nahrung<\/p>\r\n                    <p><i>\u201eGenauso wie die ern\u00e4hrte Sache ist deren Nahrung\u201c<\/i>. Leonardo liebt alles Sch\u00f6ne und Gute des Lebens. Sein Tisch ist mit nat\u00fcrlichen landwirtschaftlichen Erzeugnissen gedeckt, mit R\u00fccksichtnahme auf den Wert und die Heiligkeit der Nahrung, die als Lebensbeh\u00e4lter und Lebensspenderin verstanden wird. Eine Philosophie, die wir heute in unserem Notizbuch erkl\u00e4ren und weiterf\u00fchren.<\/p>\t\t\t\t\t\r\n                <\/div>\r\n            <\/div>\r\n            <div class=\"carousel-item \" data-holder-rendered=\"true\">\r\n                <div class=\"h-100\">\r\n                    <div class=\"video-container\" ><video  muted src=\"https:\/\/leonardodavinci.it\/wp-content\/themes\/astra-child\/video\/6.mp4\" ><\/video><\/div>\r\n                <\/div>\r\n                <div class=\"carousel-caption d-none\">\r\n                <span class=\"number-slider\">6 \/ 10 <\/span>\r\n                <p class=\"sottotitolo-slider\">Der Brief an den Gutsverwalter<\/p>\r\n                    <p><i>\u201eDie vier letzten Kr\u00fcge entsprachen nicht meinen Erwartungen und dies betr\u00fcbte mich sehr\u201c<\/i>, schreibt Leonardo in einem Brief von 1515 an seinen Gutsverwalter Zanobi Boni; er f\u00fcgt seine \u00dcberlegungen und pr\u00e4zise technischen Angaben zum Rebbau und zur Weinherstellung hinzu. Dieser Brief ist die erste Abhandlung \u00fcber Weinbau und \u00d6nologie der Geschichte. Die darin enthaltenen Ans\u00e4tze bilden die Grundlage unseres Metodo Leonardo\u00ae.<\/p>\t\t\t\t\t\r\n                <\/div>\r\n            <\/div>\r\n            \r\n            <div class=\"carousel-item \" data-holder-rendered=\"true\">\r\n                <div class=\"h-100\">\r\n                    <div class=\"video-container\" ><video  muted  src=\"https:\/\/leonardodavinci.it\/wp-content\/themes\/astra-child\/video\/7.mp4\" ><\/video><\/div>\r\n                <\/div>\r\n                <div class=\"carousel-caption d-none\">\r\n                <span class=\"number-slider\">7 \/ 10 <\/span>\r\n                <p class=\"sottotitolo-slider\">Familien-Crus<\/p>\r\n                    <p>Die Weine der Villa da Vinci werden ausschlie\u00dflich aus den Trauben gekeltert, die auf den 75 Hektaren gro\u00dfen Weinbergen des Guts wachsen. Die Crus der Familie da Vinci sind heute die Crus der Villa Da Vinci und haben ihre originalen und historischen Namen behalten: S.to Ippolito (Sangiovese, Merlot, Syrah), San Zio (Sangiovese), Linarius (Syrah), Streda (Vermentino). Dazu kommt noch der typische Vin Santo.<\/p>\t\t\t\t\t\r\n                <\/div>\r\n            <\/div>\r\n            \r\n            <div class=\"carousel-item \" data-holder-rendered=\"true\">\r\n                <div class=\"h-100\">\r\n                <div class=\"video-container\" ><video  muted src=\"https:\/\/leonardodavinci.it\/wp-content\/themes\/astra-child\/video\/8.mp4\" ><\/video><\/div>\r\n                <\/div>\r\n                <div class=\"carousel-caption d-none\">\r\n                <span class=\"number-slider\">8 \/ 10 <\/span>\r\n                <p class=\"sottotitolo-slider\">Designeretikett<\/p>\r\n                    <p>Auf jeder Flasche bewundern wir den pr\u00e4genden Einfluss des Genies, um die Qualit\u00e4t seiner Lehren zu besiegeln, und um die Geschichte zu erz\u00e4hlen, die hinter jedem einzelnen unserer Handgriffe steckt. Unsere Etiketts inspirieren sich an Leonardo da Vincis Meisterwerken, sie evozieren zeitlose Gef\u00fchle, die sich mit jedem Schluck erneuern.<\/p>\t\t\t\t\t\r\n                <\/div>\r\n            <\/div>\r\n            \r\n            <div class=\"carousel-item \" data-holder-rendered=\"true\">\r\n                <div class=\"h-100\">\r\n                    <div class=\"video-container\" ><video  muted src=\"https:\/\/leonardodavinci.it\/wp-content\/themes\/astra-child\/video\/9.mp4\" ><\/video><\/div>\r\n                <\/div>\r\n                <div class=\"carousel-caption d-none\">\r\n                <span class=\"number-slider\">9 \/ 10 <\/span>\r\n                <p class=\"sottotitolo-slider\">Die Barrique<\/p>\r\n                    <p>Im Codex Atlanticus, der gr\u00f6\u00dften Sammlung von Zeichnungen und Notizen Leonardo da Vincis, findet sich eine Skizze von einem kleinen Fass. Experten zufolge handelt es sich um die erste Barrique der Geschichte, Leonardos Idee f\u00fcr die Weinherstellung, seit Jahrhunderten kostbarer Beh\u00e4lter zur Veredelung der Weine.<\/p>\t\t\t\t\t\r\n                <\/div>\r\n            <\/div>\r\n            \r\n            <div class=\"carousel-item \" data-holder-rendered=\"true\">\r\n                <div class=\"h-100\">\r\n                    <div class=\"video-container\" ><video  muted src=\"https:\/\/leonardodavinci.it\/wp-content\/themes\/astra-child\/video\/10.mp4\" ><\/video><\/div>\r\n                <\/div>\r\n                <div class=\"carousel-caption d-none\">\r\n                <span class=\"number-slider\">10 \/ 10 <\/span>\r\n                <p class=\"sottotitolo-slider\">Der vitruvianische Mensch<\/p>\r\n                    <p>Keine simple Zeichnung auf Papier, sondern ein Meisterwerk der Kunst: Die ideale Darstellung der anatomischen Proportionen in einem perfekten Kreis ist seit jeher das Synonym f\u00fcr Gleichgewicht, Harmonie und Sorgfalt. Wie f\u00fcr den vitruvianischen Menschen gilt dies auch f\u00fcr unsere Weine.<\/p>\t\t\t\t\t\r\n                <\/div>\r\n            <\/div>\r\n        <\/div>\r\n    <\/div>\r\n\r\n<\/div>\r\n<div class=\"col-xl-2 p-0 dx-col-content\">\r\n    <div class=\"wrapper\">\r\n        <div id=\"slider-text-content\"><\/div>\r\n\r\n    <\/div>\r\n<\/div>\r\n        <a class=\"carousel-control-next\" href=\"#carouselExampleIndicators\" role=\"button\" data-slide=\"next\">\r\n        <img decoding=\"async\" src=\"\/wp-content\/themes\/astra-child\/img\/Arrow-right.svg\">\r\n        <\/a>\r\n<\/div>\t\t<\/div>\n\t\t\t\t<\/div>\n\t\t\t\t\t<\/div>\n\t\t<\/div>\n\t\t\t\t\t<\/div>\n\t\t<\/section>\n\t\t\t\t<\/div>\n\t\t","protected":false},"excerpt":{"rendered":"<p>1. Genetische Berufung 2. Wo alles begonnen hat 3. In der Romagna 4. Im Schatten des Doms 5. Heilig wie die Nahrung 6. Der Brief an den Gutsverwalter 7. Familien-Crus 8. Designeretikett 9. Die Barrique 10. Der vitruvianische Mensch 1 \/ 10 Genetische Berufung Zwischen Leonardo und dem Wein besteht eine t\u00e4gliche, tiefe und intensive [&hellip;]<\/p>\n","protected":false},"author":1,"featured_media":0,"parent":0,"menu_order":0,"comment_status":"closed","ping_status":"closed","template":"page-templates\/pagina-carousel-video.php","meta":{"_acf_changed":false,"_sitemap_exclude":false,"_sitemap_priority":"","_sitemap_frequency":"","site-sidebar-layout":"no-sidebar","site-content-layout":"page-builder","ast-site-content-layout":"","site-content-style":"default","site-sidebar-style":"default","ast-global-header-display":"","ast-banner-title-visibility":"","ast-main-header-display":"","ast-hfb-above-header-display":"","ast-hfb-below-header-display":"","ast-hfb-mobile-header-display":"","site-post-title":"disabled","ast-breadcrumbs-content":"","ast-featured-img":"disabled","footer-sml-layout":"","theme-transparent-header-meta":"default","adv-header-id-meta":"","stick-header-meta":"default","header-above-stick-meta":"","header-main-stick-meta":"","header-below-stick-meta":"","astra-migrate-meta-layouts":"default","ast-page-background-enabled":"default","ast-page-background-meta":{"desktop":{"background-color":"","background-image":"","background-repeat":"repeat","background-position":"center center","background-size":"auto","background-attachment":"scroll","background-type":"","background-media":"","overlay-type":"","overlay-color":"","overlay-gradient":""},"tablet":{"background-color":"","background-image":"","background-repeat":"repeat","background-position":"center center","background-size":"auto","background-attachment":"scroll","background-type":"","background-media":"","overlay-type":"","overlay-color":"","overlay-gradient":""},"mobile":{"background-color":"","background-image":"","background-repeat":"repeat","background-position":"center center","background-size":"auto","background-attachment":"scroll","background-type":"","background-media":"","overlay-type":"","overlay-color":"","overlay-gradient":""}},"ast-content-background-meta":{"desktop":{"background-color":"var(--ast-global-color-5)","background-image":"","background-repeat":"repeat","background-position":"center center","background-size":"auto","background-attachment":"scroll","background-type":"","background-media":"","overlay-type":"","overlay-color":"","overlay-gradient":""},"tablet":{"background-color":"var(--ast-global-color-5)","background-image":"","background-repeat":"repeat","background-position":"center center","background-size":"auto","background-attachment":"scroll","background-type":"","background-media":"","overlay-type":"","overlay-color":"","overlay-gradient":""},"mobile":{"background-color":"var(--ast-global-color-5)","background-image":"","background-repeat":"repeat","background-position":"center center","background-size":"auto","background-attachment":"scroll","background-type":"","background-media":"","overlay-type":"","overlay-color":"","overlay-gradient":""}},"footnotes":""},"class_list":["post-12589","page","type-page","status-publish","hentry"],"acf":[],"yoast_head":"<!-- This site is optimized with the Yoast SEO plugin v27.3 - https:\/\/yoast.com\/product\/yoast-seo-wordpress\/ -->\n<title>Anekdoten aus dem Leben des Genies | Leonardo Da Vinci<\/title>\n<meta name=\"description\" content=\"Anekdoten ist eine Auswahl von Geschichten aus dem Leben von Leonardo da Vinci: Entdecken Sie hier die Kuriosit\u00e4ten und Einblicke in sein Leben.\" \/>\n<meta name=\"robots\" content=\"index, follow, max-snippet:-1, max-image-preview:large, max-video-preview:-1\" \/>\n<link rel=\"canonical\" href=\"https:\/\/leonardodavinci.it\/de\/anekdoten\/\" \/>\n<meta property=\"og:locale\" content=\"de_DE\" \/>\n<meta property=\"og:type\" content=\"article\" \/>\n<meta property=\"og:title\" content=\"Anekdoten aus dem Leben des Genies | Leonardo Da Vinci\" \/>\n<meta property=\"og:description\" content=\"Anekdoten ist eine Auswahl von Geschichten aus dem Leben von Leonardo da Vinci: Entdecken Sie hier die Kuriosit\u00e4ten und Einblicke in sein Leben.\" \/>\n<meta property=\"og:url\" content=\"https:\/\/leonardodavinci.it\/de\/anekdoten\/\" \/>\n<meta property=\"og:site_name\" content=\"Leonardo Da Vinci\" \/>\n<meta property=\"article:publisher\" content=\"https:\/\/www.facebook.com\/LeonardodaVinciwines\" \/>\n<meta property=\"article:modified_time\" content=\"2021-12-17T13:30:41+00:00\" \/>\n<meta property=\"og:image\" content=\"https:\/\/leonardodavinci.it\/wp-content\/uploads\/2021\/12\/leonardo_social.jpg\" \/>\n\t<meta property=\"og:image:width\" content=\"1377\" \/>\n\t<meta property=\"og:image:height\" content=\"768\" \/>\n\t<meta property=\"og:image:type\" content=\"image\/jpeg\" \/>\n<meta name=\"twitter:card\" content=\"summary_large_image\" \/>\n<meta name=\"twitter:label1\" content=\"Gesch\u00e4tzte Lesezeit\" \/>\n\t<meta name=\"twitter:data1\" content=\"4\u00a0Minuten\" \/>\n<script type=\"application\/ld+json\" class=\"yoast-schema-graph\">{\"@context\":\"https:\\\/\\\/schema.org\",\"@graph\":[{\"@type\":\"WebPage\",\"@id\":\"https:\\\/\\\/leonardodavinci.it\\\/de\\\/anekdoten\\\/\",\"url\":\"https:\\\/\\\/leonardodavinci.it\\\/de\\\/anekdoten\\\/\",\"name\":\"Anekdoten aus dem Leben des Genies | Leonardo Da Vinci\",\"isPartOf\":{\"@id\":\"https:\\\/\\\/leonardodavinci.it\\\/de\\\/#website\"},\"datePublished\":\"2021-12-03T09:16:28+00:00\",\"dateModified\":\"2021-12-17T13:30:41+00:00\",\"description\":\"Anekdoten ist eine Auswahl von Geschichten aus dem Leben von Leonardo da Vinci: Entdecken Sie hier die Kuriosit\u00e4ten und Einblicke in sein Leben.\",\"breadcrumb\":{\"@id\":\"https:\\\/\\\/leonardodavinci.it\\\/de\\\/anekdoten\\\/#breadcrumb\"},\"inLanguage\":\"de\",\"potentialAction\":[{\"@type\":\"ReadAction\",\"target\":[\"https:\\\/\\\/leonardodavinci.it\\\/de\\\/anekdoten\\\/\"]}]},{\"@type\":\"BreadcrumbList\",\"@id\":\"https:\\\/\\\/leonardodavinci.it\\\/de\\\/anekdoten\\\/#breadcrumb\",\"itemListElement\":[{\"@type\":\"ListItem\",\"position\":1,\"name\":\"Home\",\"item\":\"https:\\\/\\\/leonardodavinci.it\\\/de\\\/\"},{\"@type\":\"ListItem\",\"position\":2,\"name\":\"Anekdoten\"}]},{\"@type\":\"WebSite\",\"@id\":\"https:\\\/\\\/leonardodavinci.it\\\/de\\\/#website\",\"url\":\"https:\\\/\\\/leonardodavinci.it\\\/de\\\/\",\"name\":\"Leonardo Da Vinci\",\"description\":\"L&#039;azienda vinicola ispirata dal Genio\",\"publisher\":{\"@id\":\"https:\\\/\\\/leonardodavinci.it\\\/de\\\/#organization\"},\"potentialAction\":[{\"@type\":\"SearchAction\",\"target\":{\"@type\":\"EntryPoint\",\"urlTemplate\":\"https:\\\/\\\/leonardodavinci.it\\\/de\\\/?s={search_term_string}\"},\"query-input\":{\"@type\":\"PropertyValueSpecification\",\"valueRequired\":true,\"valueName\":\"search_term_string\"}}],\"inLanguage\":\"de\"},{\"@type\":\"Organization\",\"@id\":\"https:\\\/\\\/leonardodavinci.it\\\/de\\\/#organization\",\"name\":\"Leonardo da Vinci S.p.A.\",\"url\":\"https:\\\/\\\/leonardodavinci.it\\\/de\\\/\",\"logo\":{\"@type\":\"ImageObject\",\"inLanguage\":\"de\",\"@id\":\"https:\\\/\\\/leonardodavinci.it\\\/de\\\/#\\\/schema\\\/logo\\\/image\\\/\",\"url\":\"https:\\\/\\\/leonardodavinci.it\\\/wp-content\\\/uploads\\\/2021\\\/11\\\/Logo-LDV.svg\",\"contentUrl\":\"https:\\\/\\\/leonardodavinci.it\\\/wp-content\\\/uploads\\\/2021\\\/11\\\/Logo-LDV.svg\",\"width\":473,\"height\":115,\"caption\":\"Leonardo da Vinci S.p.A.\"},\"image\":{\"@id\":\"https:\\\/\\\/leonardodavinci.it\\\/de\\\/#\\\/schema\\\/logo\\\/image\\\/\"},\"sameAs\":[\"https:\\\/\\\/www.facebook.com\\\/LeonardodaVinciwines\",\"https:\\\/\\\/www.instagram.com\\\/leonardodavinci_wines\\\/\"]}]}<\/script>\n<!-- \/ Yoast SEO plugin. -->","yoast_head_json":{"title":"Anekdoten aus dem Leben des Genies | Leonardo Da Vinci","description":"Anekdoten ist eine Auswahl von Geschichten aus dem Leben von Leonardo da Vinci: Entdecken Sie hier die Kuriosit\u00e4ten und Einblicke in sein Leben.","robots":{"index":"index","follow":"follow","max-snippet":"max-snippet:-1","max-image-preview":"max-image-preview:large","max-video-preview":"max-video-preview:-1"},"canonical":"https:\/\/leonardodavinci.it\/de\/anekdoten\/","og_locale":"de_DE","og_type":"article","og_title":"Anekdoten aus dem Leben des Genies | Leonardo Da Vinci","og_description":"Anekdoten ist eine Auswahl von Geschichten aus dem Leben von Leonardo da Vinci: Entdecken Sie hier die Kuriosit\u00e4ten und Einblicke in sein Leben.","og_url":"https:\/\/leonardodavinci.it\/de\/anekdoten\/","og_site_name":"Leonardo Da Vinci","article_publisher":"https:\/\/www.facebook.com\/LeonardodaVinciwines","article_modified_time":"2021-12-17T13:30:41+00:00","og_image":[{"width":1377,"height":768,"url":"https:\/\/leonardodavinci.it\/wp-content\/uploads\/2021\/12\/leonardo_social.jpg","type":"image\/jpeg"}],"twitter_card":"summary_large_image","twitter_misc":{"Gesch\u00e4tzte Lesezeit":"4\u00a0Minuten"},"schema":{"@context":"https:\/\/schema.org","@graph":[{"@type":"WebPage","@id":"https:\/\/leonardodavinci.it\/de\/anekdoten\/","url":"https:\/\/leonardodavinci.it\/de\/anekdoten\/","name":"Anekdoten aus dem Leben des Genies | Leonardo Da Vinci","isPartOf":{"@id":"https:\/\/leonardodavinci.it\/de\/#website"},"datePublished":"2021-12-03T09:16:28+00:00","dateModified":"2021-12-17T13:30:41+00:00","description":"Anekdoten ist eine Auswahl von Geschichten aus dem Leben von Leonardo da Vinci: Entdecken Sie hier die Kuriosit\u00e4ten und Einblicke in sein Leben.","breadcrumb":{"@id":"https:\/\/leonardodavinci.it\/de\/anekdoten\/#breadcrumb"},"inLanguage":"de","potentialAction":[{"@type":"ReadAction","target":["https:\/\/leonardodavinci.it\/de\/anekdoten\/"]}]},{"@type":"BreadcrumbList","@id":"https:\/\/leonardodavinci.it\/de\/anekdoten\/#breadcrumb","itemListElement":[{"@type":"ListItem","position":1,"name":"Home","item":"https:\/\/leonardodavinci.it\/de\/"},{"@type":"ListItem","position":2,"name":"Anekdoten"}]},{"@type":"WebSite","@id":"https:\/\/leonardodavinci.it\/de\/#website","url":"https:\/\/leonardodavinci.it\/de\/","name":"Leonardo Da Vinci","description":"L&#039;azienda vinicola ispirata dal Genio","publisher":{"@id":"https:\/\/leonardodavinci.it\/de\/#organization"},"potentialAction":[{"@type":"SearchAction","target":{"@type":"EntryPoint","urlTemplate":"https:\/\/leonardodavinci.it\/de\/?s={search_term_string}"},"query-input":{"@type":"PropertyValueSpecification","valueRequired":true,"valueName":"search_term_string"}}],"inLanguage":"de"},{"@type":"Organization","@id":"https:\/\/leonardodavinci.it\/de\/#organization","name":"Leonardo da Vinci S.p.A.","url":"https:\/\/leonardodavinci.it\/de\/","logo":{"@type":"ImageObject","inLanguage":"de","@id":"https:\/\/leonardodavinci.it\/de\/#\/schema\/logo\/image\/","url":"https:\/\/leonardodavinci.it\/wp-content\/uploads\/2021\/11\/Logo-LDV.svg","contentUrl":"https:\/\/leonardodavinci.it\/wp-content\/uploads\/2021\/11\/Logo-LDV.svg","width":473,"height":115,"caption":"Leonardo da Vinci S.p.A."},"image":{"@id":"https:\/\/leonardodavinci.it\/de\/#\/schema\/logo\/image\/"},"sameAs":["https:\/\/www.facebook.com\/LeonardodaVinciwines","https:\/\/www.instagram.com\/leonardodavinci_wines\/"]}]}},"_links":{"self":[{"href":"https:\/\/leonardodavinci.it\/de\/wp-json\/wp\/v2\/pages\/12589","targetHints":{"allow":["GET"]}}],"collection":[{"href":"https:\/\/leonardodavinci.it\/de\/wp-json\/wp\/v2\/pages"}],"about":[{"href":"https:\/\/leonardodavinci.it\/de\/wp-json\/wp\/v2\/types\/page"}],"author":[{"embeddable":true,"href":"https:\/\/leonardodavinci.it\/de\/wp-json\/wp\/v2\/users\/1"}],"replies":[{"embeddable":true,"href":"https:\/\/leonardodavinci.it\/de\/wp-json\/wp\/v2\/comments?post=12589"}],"version-history":[{"count":8,"href":"https:\/\/leonardodavinci.it\/de\/wp-json\/wp\/v2\/pages\/12589\/revisions"}],"predecessor-version":[{"id":13656,"href":"https:\/\/leonardodavinci.it\/de\/wp-json\/wp\/v2\/pages\/12589\/revisions\/13656"}],"wp:attachment":[{"href":"https:\/\/leonardodavinci.it\/de\/wp-json\/wp\/v2\/media?parent=12589"}],"curies":[{"name":"wp","href":"https:\/\/api.w.org\/{rel}","templated":true}]}}